{"id":64,"date":"2013-07-02T16:30:12","date_gmt":"2013-07-02T14:30:12","guid":{"rendered":"http:\/\/nowy.dpskrosnice.pl\/?page_id=64"},"modified":"2016-05-05T11:15:34","modified_gmt":"2016-05-05T09:15:34","slug":"rehabilitacja","status":"publish","type":"page","link":"http:\/\/dpskrosnice.pl\/index.php\/rehabilitacja\/","title":{"rendered":"Rehabilitacja"},"content":{"rendered":"<p>Rehabilitacja w Domu Pomocy Spo\u0142ecznej w Kro\u015bnicach ma na celu usprawnienie i podniesienie kondycji fizycznej mieszka\u0144c\u00f3w. Posiadamy sale gimnastyczn\u0105 bogato wyposa\u017con\u0105 w sprz\u0119t rehabilitacyjny i sportowo-rekreacyjny.<\/p>\nngg_shortcode_0_placeholder\n<h5>Zabiegi<\/h5>\n<p>Wykonujemy zabiegi z zakresu kinezyterapii, fizykoterapii, masa\u017ce lecznicze oraz hydromasa\u017ce i k\u0105piele wodne.<\/p>\nngg_shortcode_1_placeholder\n<p>&nbsp;<\/p>\n<h5>Profesjonalna rehabilitacja<\/h5>\n<div id=\"attachment_66\" style=\"width: 160px\" class=\"wp-caption alignnone\"><a href=\"http:\/\/dpskrosnice.pl\/wp-content\/uploads\/2013\/07\/sala_cwiczen-rehabilitacja.jpg\"><img aria-describedby=\"caption-attachment-66\" decoding=\"async\" loading=\"lazy\" class=\"size-thumbnail wp-image-66\" src=\"http:\/\/dpskrosnice.pl\/wp-content\/uploads\/2013\/07\/sala_cwiczen-rehabilitacja-150x150.jpg\" alt=\"sala \u0107wicze\u0144 rehabilitacja\" width=\"150\" height=\"150\" \/><\/a><p id=\"caption-attachment-66\" class=\"wp-caption-text\">Sala \u0107wicze\u0144<\/p><\/div>\n<p>Rehabilitacja prowadzona jest przez rehabilitanta i ma charakter oddzia\u0142ywa\u0144 leczniczych jak r\u00f3wnie\u017c sportowo &#8211; rekreacyjnych oraz jest jednym ze sposob\u00f3w sp\u0119dzania czasu wolnego przez mieszka\u0144c\u00f3w Naszego Domu.<\/p>\n","protected":false},"excerpt":{"rendered":"<p>Rehabilitacja w Domu Pomocy Spo\u0142ecznej w Kro\u015bnicach ma na celu usprawnienie i podniesienie kondycji fizycznej mieszka\u0144c\u00f3w. Posiadamy sale gimnastyczn\u0105 bogato wyposa\u017con\u0105 w sprz\u0119t rehabilitacyjny i sportowo-rekreacyjny. Zabiegi Wykonujemy zabiegi z zakresu kinezyterapii, fizykoterapii, masa\u017ce lecznicze oraz hydromasa\u017ce i k\u0105piele wodne. &hellip; <a href=\"http:\/\/dpskrosnice.pl\/index.php\/rehabilitacja\/\">Czytaj dalej <span class=\"meta-nav\">&rarr;<\/span><\/a><\/p>\n","protected":false},"author":1,"featured_media":0,"parent":0,"menu_order":0,"comment_status":"closed","ping_status":"open","template":"onecolumn-page.php","meta":{"ngg_post_thumbnail":0},"_links":{"self":[{"href":"http:\/\/dpskrosnice.pl\/index.php\/wp-json\/wp\/v2\/pages\/64"}],"collection":[{"href":"http:\/\/dpskrosnice.pl\/index.php\/wp-json\/wp\/v2\/pages"}],"about":[{"href":"http:\/\/dpskrosnice.pl\/index.php\/wp-json\/wp\/v2\/types\/page"}],"author":[{"embeddable":true,"href":"http:\/\/dpskrosnice.pl\/index.php\/wp-json\/wp\/v2\/users\/1"}],"replies":[{"embeddable":true,"href":"http:\/\/dpskrosnice.pl\/index.php\/wp-json\/wp\/v2\/comments?post=64"}],"version-history":[{"count":9,"href":"http:\/\/dpskrosnice.pl\/index.php\/wp-json\/wp\/v2\/pages\/64\/revisions"}],"predecessor-version":[{"id":656,"href":"http:\/\/dpskrosnice.pl\/index.php\/wp-json\/wp\/v2\/pages\/64\/revisions\/656"}],"wp:attachment":[{"href":"http:\/\/dpskrosnice.pl\/index.php\/wp-json\/wp\/v2\/media?parent=64"}],"curies":[{"name":"wp","href":"https:\/\/api.w.org\/{rel}","templated":true}]}}