{"id":1804,"date":"2019-11-29T16:07:02","date_gmt":"2019-11-29T15:07:02","guid":{"rendered":"http:\/\/dpskrosnice.pl\/?page_id=1804"},"modified":"2019-11-29T16:07:03","modified_gmt":"2019-11-29T15:07:03","slug":"klauzula-informacyjna-dla-osob-odwiedzajacych","status":"publish","type":"page","link":"http:\/\/dpskrosnice.pl\/index.php\/klauzula-informacyjna-dla-osob-odwiedzajacych\/","title":{"rendered":"Klauzula informacyjna dla os\u00f3b odwiedzaj\u0105cych"},"content":{"rendered":"\n<p><strong><em>Klauzula informacyjna dla os\u00f3b odwiedzaj\u0105cych Mieszka\u0144c\u00f3w DPS\nKro\u015bnice<\/em><\/strong><\/p>\n\n\n\n<p>Zgodnie z&nbsp; 13 ust.\n1 Rozporz\u0105dzenia Parlamentu Europejskiego i Rady (UE) 2016\/679 z dnia 27\nkwietnia 2016 r. w sprawie ochrony os\u00f3b fizycznych w zwi\u0105zku z przetwarzaniem\ndanych osobowych i w sprawie swobodnego przep\u0142ywu takich danych oraz uchylenia\ndyrektywy 95\/46\/WE (og\u00f3lne rozporz\u0105dzenie o ochronie danych) informuje\nPani\u0105\/Pana, \u017ce:<\/p>\n\n\n\n<p><br>\n1. Administratorem Pani\/Pana danych osobowych&nbsp;\njest Dom Pomocy Spo\u0142ecznej ul. Kwiatowa 9 56-320 Kro\u015bnice&nbsp; w imieniu kt\u00f3rego dzia\u0142a Dyrektor tego Domu.<\/p>\n\n\n\n<p><br>\n2. Kontakt do&nbsp; Inspektora Ochrony Danych\nw Domu Pomocy Spo\u0142ecznej Kro\u015bnice,<\/p>\n\n\n\n<p>e-mail:&nbsp;&nbsp; <a href=\"mailto:iod@dpskrosnice.pl\">iod@dpskrosnice.pl<\/a><\/p>\n\n\n\n<p>adres pocztowy: ul. Kwiatowa 9 56-320 Kro\u015bnice<\/p>\n\n\n\n<p>3. Przetwarzanie\nPani\/Pana danych osobowych jest niezb\u0119dne &nbsp;w celu zapewnienia bezpiecze\u0144stwa os\u00f3b\nmieszkaj\u0105cych w DPS Kro\u015bnicach oraz monitorowanie przez Administratora\nkontakt\u00f3w mieszka\u0144c\u00f3w z rodzin\u0105 na podstawie z art. 6 ust. 1 lit. F RODO.<\/p>\n\n\n\n<p><br>\n4. Pani\/Pana dane osobowe b\u0119d\u0105 przechowywane przez okres trwania obowi\u0105zku\nprzechowywania wynikaj\u0105cy z przepis\u00f3w prawa.<\/p>\n\n\n\n<p><br>\n5. Odbiorcami Pani\/Pana danych osobowych b\u0119d\u0105 instytucje i urz\u0119dy upowa\u017cnione z\nmocy przepis\u00f3w prawa.<\/p>\n\n\n\n<p><br>\n6. Ma Pani\/Pan prawo dost\u0119pu do tre\u015bci swoich danych osobowych, prawo ich\nsprostowania i uzupe\u0142nienia , ograniczenia przetwarzania, prawo wniesienia\nsprzeciwu wobec przetwarzania, <\/p>\n\n\n\n<p><br>\n8. Ma Pani\/Pan prawo wniesienia skargi do organu nadzorczego tj.: Prezesa Urz\u0119du\nOchrony Danych Osobowych, ul. Stawki 2 00-193 Warszawa<\/p>\n\n\n\n<p><br>\n9. Podanie przez Pani\u0105\/Pana danych osobowych jest dobrowolne, lecz niezb\u0119dne w\ncelu &nbsp;uzyskania zgody na wej\u015bcie i\nporuszanie si\u0119 na terenie DPS Kro\u015bnice.<\/p>\n\n\n\n<p>W przypadku niepodania\nswoich danych osobowych , nie uzyska Pani\/Pan zgody na wej\u015bcie na teren DPS\nKro\u015bnice<\/p>\n\n\n\n<p>10. Pani\/Pana dane oraz\ndane Pani\/Pana podopiecznego nie b\u0119d\u0105 przetwarzane w spos\u00f3b zautomatyzowany, w\nformie profilowania.<\/p>\n","protected":false},"excerpt":{"rendered":"<p>Klauzula informacyjna dla os\u00f3b odwiedzaj\u0105cych Mieszka\u0144c\u00f3w DPS Kro\u015bnice Zgodnie z&nbsp; 13 ust. 1 Rozporz\u0105dzenia Parlamentu Europejskiego i Rady (UE) 2016\/679 z dnia 27 kwietnia 2016 r. w sprawie ochrony os\u00f3b fizycznych w zwi\u0105zku z przetwarzaniem danych osobowych i w sprawie &hellip; <a href=\"http:\/\/dpskrosnice.pl\/index.php\/klauzula-informacyjna-dla-osob-odwiedzajacych\/\">Czytaj dalej <span class=\"meta-nav\">&rarr;<\/span><\/a><\/p>\n","protected":false},"author":1,"featured_media":0,"parent":0,"menu_order":0,"comment_status":"closed","ping_status":"closed","template":"","meta":{"ngg_post_thumbnail":0},"_links":{"self":[{"href":"http:\/\/dpskrosnice.pl\/index.php\/wp-json\/wp\/v2\/pages\/1804"}],"collection":[{"href":"http:\/\/dpskrosnice.pl\/index.php\/wp-json\/wp\/v2\/pages"}],"about":[{"href":"http:\/\/dpskrosnice.pl\/index.php\/wp-json\/wp\/v2\/types\/page"}],"author":[{"embeddable":true,"href":"http:\/\/dpskrosnice.pl\/index.php\/wp-json\/wp\/v2\/users\/1"}],"replies":[{"embeddable":true,"href":"http:\/\/dpskrosnice.pl\/index.php\/wp-json\/wp\/v2\/comments?post=1804"}],"version-history":[{"count":1,"href":"http:\/\/dpskrosnice.pl\/index.php\/wp-json\/wp\/v2\/pages\/1804\/revisions"}],"predecessor-version":[{"id":1805,"href":"http:\/\/dpskrosnice.pl\/index.php\/wp-json\/wp\/v2\/pages\/1804\/revisions\/1805"}],"wp:attachment":[{"href":"http:\/\/dpskrosnice.pl\/index.php\/wp-json\/wp\/v2\/media?parent=1804"}],"curies":[{"name":"wp","href":"https:\/\/api.w.org\/{rel}","templated":true}]}}